{"id":4290,"date":"2021-09-28T14:42:32","date_gmt":"2021-09-28T11:42:32","guid":{"rendered":"https:\/\/haen.fi\/etusivu\/"},"modified":"2024-09-17T10:48:15","modified_gmt":"2024-09-17T07:48:15","slug":"etusivu","status":"publish","type":"page","link":"https:\/\/haen.fi\/sv\/","title":{"rendered":"Sjuktransportbest\u00e4llningarna"},"content":{"rendered":"\r\n\r\n<section class=\"hero site-banner banner-bg-image section-default default alignfull image\">\r\n\r\n    <div class=\"site-banner-bg section-bg-image \" >\r\n\r\n        <img loading=\"lazy\" decoding=\"async\" width=\"1679\" height=\"1108\" src=\"https:\/\/haen.fi\/wp-content\/uploads\/2024\/05\/tausta-x.jpg\" class=\"attachment-1536\u00d71536 size-1536\u00d71536\" alt=\"Kirkkaankeltainen kiireet\u00f6n ambulanssi, jossa on punaiset ja mustat heijastinraidat, pys\u00e4k\u00f6ityn\u00e4 harmaan kerrostalon edess\u00e4. Auton kyljess\u00e4 lukee isoin valkoisin kirjaimin &quot;AMBULANSSI&quot; sek\u00e4 yksikk\u00f6tunnus. Kyljess\u00e4 n\u00e4kyy my\u00f6s &quot;HAEN&quot;-vaakuna, jossa on mustalla pohjalla l\u00e4\u00e4ketieteellinen symboli. Taustalla seisoo kaksi ensihoitajaa heijastintakeissa.\" srcset=\"https:\/\/haen.fi\/wp-content\/uploads\/2024\/05\/tausta-x.jpg 1679w, https:\/\/haen.fi\/wp-content\/uploads\/2024\/05\/tausta-x-300x198.jpg 300w, https:\/\/haen.fi\/wp-content\/uploads\/2024\/05\/tausta-x-1024x676.jpg 1024w, https:\/\/haen.fi\/wp-content\/uploads\/2024\/05\/tausta-x-768x507.jpg 768w, https:\/\/haen.fi\/wp-content\/uploads\/2024\/05\/tausta-x-1536x1014.jpg 1536w\" sizes=\"auto, (max-width: 1679px) 100vw, 1679px\" \/>\r\n        \r\n            <div class=\"site-banner-content container\">\r\n                <div class=\"row w-100\">\r\n                    <div class=\"col-md-12\">\r\n\r\n                        <h2 class=\"hero-title\">Tuon&#8230; Vien&#8230; HAEN<\/h2><div class=\"inner-content\">\r\n                            <div class=\"acf-innerblocks-container\">\n\n<p>M\u00e4nniskov\u00e4nlig och omedelbar ambulanstj\u00e4nst<\/p>\n\n<\/div>\r\n                        <\/div>                    <\/div>\r\n                <\/div>\r\n            <\/div>\r\n        \r\n        <\/div><\/section>\n\n\n<h1 class=\"wp-block-heading\" style=\"font-size:24px\">Sjuktransportbest\u00e4llningarna<\/h1>\n\n\n\n<div class=\"wp-block-columns is-layout-flex wp-container-core-columns-is-layout-9d6595d7 wp-block-columns-is-layout-flex\">\n<div class=\"wp-block-column is-layout-flow wp-block-column-is-layout-flow\" style=\"flex-basis:66.66%\">\n<p><strong>HAEN<\/strong> \u00e4r en enkel sjuktransport\u00f6r f\u00f6r personer vars fysiska f\u00f6rm\u00e5ga eller minne kr\u00e4ver n\u00e4rvaro eller ledsagning av en sjukv\u00e5rdare.<\/p>\n\n\n\n<p>Vem som helst kan best\u00e4lla en ambulanstransport av oss f\u00f6r exempelvis poliklinik-, r\u00f6ntgen-, laboratorie- eller tandl\u00e4karbes\u00f6k. Best\u00e4llningen kan ocks\u00e5 g\u00f6ras i god tid i f\u00f6rv\u00e4g n\u00e4r v\u00e5rdbes\u00f6kstiden \u00e4r k\u00e4nd.<\/p>\n\n\n\n<p>Vi utf\u00f6r ej akuta ambulanstj\u00e4nster, sjuktransporter och patientf\u00f6rflyttningar i huvudstadsregionen samt i \u00f6vriga Nyland och dess omgivningar. Vi g\u00f6r ocks\u00e5 l\u00e4ngre transporter, om resan b\u00f6rjar eller slutar i Nyland.<\/p>\n\n\n\n<p>Vi fungerar som en FPA-ambulans eftersom vi fakturerar transporten direkt till FPA baserat p\u00e5 v\u00e5rt direkters\u00e4ttningsavtal, Sjukf\u00f6rs\u00e4kringslagen och enligt regleringarna givna av FPA.<\/p>\n\n\n\n<h2 class=\"wp-block-heading\">Ledsagartj\u00e4nst<\/h2>\n\n\n\n<p>Med oss kan man komma \u00f6verens om att ambulanspersonalen tar hand om kunden \/ patienten under hela \u00e4renden och returtransporten. D\u00e5 beh\u00f6vs inte en skild ledsagare \u00e4ven om det vanligtvis skulle vara n\u00f6dv\u00e4ndigt.<\/p>\n\n\n\n<p>Korta v\u00e4ntetider p\u00e5 20-30 minuter orsakar inga extra bekostningar f\u00f6r kunden \/ patienten om ledsagningen har avtalats i f\u00f6rhand och v\u00e4ntan \u00e4r n\u00f6dv\u00e4ndig f\u00f6r kundens \/ patientens h\u00e4lsosk\u00e4l och\/eller s\u00e4kerhet.<\/p>\n\n\n\n<p><strong>Best\u00e4ll en ej akut sjuktransport:\u202f <a href=\"tel:+35892221633\" title=\"\">09-222 1633<\/a><\/strong><\/p>\n\n\n\n<h3 class=\"wp-block-heading\">Ocks\u00e5 f\u00f6rbokningar!<\/h3>\n\n\n\n<p><strong>Best\u00e4llningen kan ocks\u00e5 g\u00f6ras i f\u00f6rv\u00e4g som ger oss m\u00f6jligheten att planera transporten samt f\u00f6rs\u00e4kra att patienten \/ kunden \u00e4r p\u00e5 r\u00e4tt plats i r\u00e4tt tid. <\/strong><\/p>\n<\/div>\n\n\n\n<div class=\"wp-block-column is-layout-flow wp-block-column-is-layout-flow\" style=\"flex-basis:33.33%\"><div class=\"wp-block-image\">\n<figure class=\"aligncenter size-full is-resized\"><img loading=\"lazy\" decoding=\"async\" width=\"722\" height=\"1024\" src=\"https:\/\/haen.fi\/wp-content\/uploads\/2024\/05\/haen2020-722x1024-1.png\" alt=\"\" class=\"wp-image-4170\" style=\"width:310px;height:auto\" srcset=\"https:\/\/haen.fi\/wp-content\/uploads\/2024\/05\/haen2020-722x1024-1.png 722w, https:\/\/haen.fi\/wp-content\/uploads\/2024\/05\/haen2020-722x1024-1-212x300.png 212w\" sizes=\"auto, (max-width: 722px) 100vw, 722px\" \/><\/figure>\n<\/div><\/div>\n<\/div>\n\n\n\n<div class=\"wp-block-cover alignfull is-light\"><span aria-hidden=\"true\" class=\"wp-block-cover__background has-yellow-background-color has-background-dim-20 has-background-dim\"><\/span><img loading=\"lazy\" decoding=\"async\" width=\"768\" height=\"483\" class=\"wp-block-cover__image-background wp-image-4158\" alt=\"\" src=\"https:\/\/haen.fi\/wp-content\/uploads\/2024\/05\/ambulanssivasenkylkipieni-nostot-haen-oy.png\" data-object-fit=\"cover\" srcset=\"https:\/\/haen.fi\/wp-content\/uploads\/2024\/05\/ambulanssivasenkylkipieni-nostot-haen-oy.png 768w, https:\/\/haen.fi\/wp-content\/uploads\/2024\/05\/ambulanssivasenkylkipieni-nostot-haen-oy-300x189.png 300w\" sizes=\"auto, (max-width: 768px) 100vw, 768px\" \/><div class=\"wp-block-cover__inner-container is-layout-constrained wp-block-cover-is-layout-constrained\">\n<div class=\"wp-block-columns nostot is-layout-flex wp-container-core-columns-is-layout-9d6595d7 wp-block-columns-is-layout-flex\">\n<div class=\"wp-block-column has-white-background-color has-background is-layout-flow wp-block-column-is-layout-flow\">\n<h2 class=\"wp-block-heading has-text-align-center has-black-color has-text-color has-link-color wp-elements-33800d3b7440722f667ad24ed292d660\">Fakturering<\/h2>\n\n\n\n<p class=\"has-text-align-center has-black-color has-text-color has-link-color wp-elements-aecd922d23480625ff1d9a81a0ac1d3e\">Vi fakturerar FPA direkt f\u00f6r transporten p\u00e5 grund av v\u00e5r direkters\u00e4ttningsavtal.\u202f Kundens sj\u00e4lvrisk \u00e4r densamma som vid transport med taxi eller handikapptaxi och ackumulerar till samma FPA:s h\u00f6gkostnadsskydd som f\u00f6r taxiresor. <\/p>\n\n\n\n<div class=\"wp-block-buttons is-content-justification-center is-layout-flex wp-container-core-buttons-is-layout-16018d1d wp-block-buttons-is-layout-flex\">\n<div class=\"wp-block-button\"><a class=\"wp-block-button__link wp-element-button\" href=\"https:\/\/haen.fi\/sv\/fakturering\/\">L\u00e4s mer<\/a><\/div>\n<\/div>\n<\/div>\n\n\n\n<div class=\"wp-block-column has-white-background-color has-background is-layout-flow wp-block-column-is-layout-flow\">\n<h2 class=\"wp-block-heading has-text-align-center has-black-color has-text-color has-link-color wp-elements-fb032d6db1d2f43f8778f768d649679d\">Tj\u00e4nster<\/h2>\n\n\n\n<p class=\"has-text-align-center has-black-color has-text-color has-link-color wp-elements-5a9d4bdfb46e19a8034f8f321b089827\">Vi utf\u00f6r ej akuta ambulanstj\u00e4nster, sjuktransporter och patientf\u00f6rflyttningar i huvudstadsregionen samt i \u00f6vriga Nyland och dess omgivningar. En l\u00e5ng transportstr\u00e4cka \u00e4r inget hinder f\u00f6r transporten om resan b\u00f6rjar eller slutar i huvudstadsregionen eller \u00f6vriga Nyland.<\/p>\n\n\n\n<div class=\"wp-block-buttons is-content-justification-center is-layout-flex wp-container-core-buttons-is-layout-16018d1d wp-block-buttons-is-layout-flex\">\n<div class=\"wp-block-button\"><a class=\"wp-block-button__link wp-element-button\" href=\"https:\/\/haen.fi\/sv\/tjanster\/\">L\u00e4s mer<\/a><\/div>\n<\/div>\n<\/div>\n\n\n\n<div class=\"wp-block-column has-white-background-color has-background is-layout-flow wp-block-column-is-layout-flow\">\n<h2 class=\"wp-block-heading has-text-align-center has-black-color has-text-color has-link-color wp-elements-3aa71b5d0d3952af5783639576f8035c\">Andra tj\u00e4nster<\/h2>\n\n\n\n<p class=\"has-text-align-center has-black-color has-text-color has-link-color wp-elements-6da1ca2f1ca7f11996d083b10349f24e\">F\u00f6rs\u00e4kra s\u00e4kerheten i ditt offentliga evenemang. Hos oss kan du best\u00e4lla professionell personal som tar hand om s\u00e4kerheten samt uppr\u00e4tth\u00e5ller beredskap f\u00f6r f\u00f6rsta hj\u00e4lpen och akutsjukv\u00e5rd. V\u00e5r f\u00f6rsta hj\u00e4lpen-utbildning ger grundl\u00e4ggande kunskaper i f\u00f6rsta hj\u00e4lpen f\u00f6r hela personalen och l\u00e4r ut r\u00e4tt handlingss\u00e4tt f\u00f6r situationer som kr\u00e4ver f\u00f6rsta hj\u00e4lpen.<\/p>\n\n\n\n<div class=\"wp-block-buttons is-content-justification-center is-layout-flex wp-container-core-buttons-is-layout-16018d1d wp-block-buttons-is-layout-flex\">\n<div class=\"wp-block-button\"><a class=\"wp-block-button__link wp-element-button\" href=\"https:\/\/haen.fi\/sv\/andra-tjanster\/\">L\u00e4s mer<\/a><\/div>\n<\/div>\n<\/div>\n<\/div>\n<\/div><\/div>\n","protected":false},"excerpt":{"rendered":"<p>Sjuktransportbest\u00e4llningarna HAEN \u00e4r en enkel sjuktransport\u00f6r f\u00f6r personer vars fysiska f\u00f6rm\u00e5ga eller minne kr\u00e4ver n\u00e4rvaro eller ledsagning av en sjukv\u00e5rdare. Vem som helst kan best\u00e4lla en ambulanstransport av oss f\u00f6r exempelvis poliklinik-, r\u00f6ntgen-, laboratorie- eller tandl\u00e4karbes\u00f6k. Best\u00e4llningen kan ocks\u00e5 g\u00f6ras i god tid i f\u00f6rv\u00e4g n\u00e4r v\u00e5rdbes\u00f6kstiden \u00e4r k\u00e4nd. Vi utf\u00f6r ej akuta ambulanstj\u00e4nster, sjuktransporter [&hellip;]<\/p>\n","protected":false},"author":1,"featured_media":0,"parent":0,"menu_order":1,"comment_status":"closed","ping_status":"closed","template":"","meta":{"_acf_changed":false,"footnotes":""},"class_list":["post-4290","page","type-page","status-publish","hentry"],"acf":[],"aioseo_notices":[],"_links":{"self":[{"href":"https:\/\/haen.fi\/sv\/wp-json\/wp\/v2\/pages\/4290","targetHints":{"allow":["GET"]}}],"collection":[{"href":"https:\/\/haen.fi\/sv\/wp-json\/wp\/v2\/pages"}],"about":[{"href":"https:\/\/haen.fi\/sv\/wp-json\/wp\/v2\/types\/page"}],"author":[{"embeddable":true,"href":"https:\/\/haen.fi\/sv\/wp-json\/wp\/v2\/users\/1"}],"replies":[{"embeddable":true,"href":"https:\/\/haen.fi\/sv\/wp-json\/wp\/v2\/comments?post=4290"}],"version-history":[{"count":7,"href":"https:\/\/haen.fi\/sv\/wp-json\/wp\/v2\/pages\/4290\/revisions"}],"predecessor-version":[{"id":4324,"href":"https:\/\/haen.fi\/sv\/wp-json\/wp\/v2\/pages\/4290\/revisions\/4324"}],"wp:attachment":[{"href":"https:\/\/haen.fi\/sv\/wp-json\/wp\/v2\/media?parent=4290"}],"curies":[{"name":"wp","href":"https:\/\/api.w.org\/{rel}","templated":true}]}}